{"id":60,"date":"2016-04-26T21:25:59","date_gmt":"2016-04-26T21:25:59","guid":{"rendered":"http:\/\/piroarte.mx\/wordpress\/?page_id=60"},"modified":"2016-04-26T21:25:59","modified_gmt":"2016-04-26T21:25:59","slug":"fuentes-de-derecho-legislacion-jurisprudencia-doctrina-y-otras","status":"publish","type":"page","link":"https:\/\/www.notaria230.com.mx\/SIN230\/?page_id=60","title":{"rendered":"Fuentes de Derecho (Legislaci\u00f3n, Jurisprudencia, Doctrina y Otras) y MOODLE."},"content":{"rendered":"\t\t\t\t\t\t<style>\r\n\t\t\t\t\t#colorbox_main_container_510 .wpsm_panel {\r\n\tmargin-bottom: 0px !important;\r\n\tbackground-color: #ccc8bb;\r\n\t\r\n\t\tborder: 2px solid #818184;\r\n\t\t\r\n\t\tborder-radius: 4px;\r\n\t\t\t-webkit-box-shadow: 0 0 20px rgba(0,0,0,.2);\r\n\tbox-shadow: 0 0 20px rgba(0,0,0,.2);\r\n\t   \r\n\t}\r\n\r\n#colorbox_main_container_510 .wpsm_panel-default > .wpsm_panel-heading {\r\n\tbackground-color: #818184 !important;\r\n\tborder-color: rgba(0,0,0,0.05);\r\n\tborder-top-left-radius: 0px;\r\n\tborder-top-right-radius: 0px;\r\n\ttext-align:center;\r\n}\r\n\r\n#colorbox_main_container_510 .colorbox_singel_box{\r\n  margin-bottom:20px !important;\r\n\t  padding-top: 5px;\r\n}\r\n#colorbox_main_container_510 .wpsm_panel-title{\r\n\tmargin-top: 0 !important;\r\n\tmargin-bottom: 0 !important;\r\n\tfont-size: 27px !important;\r\n\tcolor: #000000 !important;\r\n\tfont-family: Arial !important;\r\n\tword-wrap:break-word;\r\n\r\n}\r\n#colorbox_main_container_510 .wpsm_panel-title span{\r\n\tfont-size: 27px !important;\r\n\tcolor: #000000 !important;\r\n\t vertical-align: middle;\r\n}\r\n#colorbox_main_container_510 .wpsm_panel-body{\r\n\tcolor: #000000 !important;\r\n\tbackground-color:#ccc8bb !important;\r\n\tfont-size:18px !important;\r\n\tfont-family: Arial !important;\r\n\toverflow:hidden;\r\n\ttext-align:center}\r\n\r\n \t\t#colorbox_main_container_510 .wpsm_panel-heading {\r\n\t\t\tbackground-image: url(https:\/\/www.notaria230.com.mx\/SIN230\/wp-content\/plugins\/colorbox-panels\/assets\/images\/style-soft.png);\r\n\t\t\tbackground-position: 0 0;\r\n\t\t\tbackground-repeat: repeat-x;\r\n\t\t}\r\n\t\t\t\r\n\r\n@media (max-width: 992px){\r\n\t.colorbox_singel_box{ \r\n\t\twidth:50% !important;\r\n\t}\r\n}\r\n@media (max-width: 786px){\r\n\t.colorbox_singel_box{ \r\n\t\twidth:100% !important;\r\n\t}\r\n}\t\t\t\t<\/style>\r\n\t\t\t\t<div style=\"display:block;overflow:hidden;width:100%;\">\r\n\t\t\t\t<div id=\"colorbox_main_container_510\" style=\"colorbox_main_container\">\r\n\t\t\t\t\t\t\t\t\t\t<div class=\" wpsm_col-md-12 wpsm_col-sm-6 colorbox_singel_box\">\r\n\t\t\t\t\t\t<div class=\"wpsm_panel wpsm_panel-default wpsm_panel_default_510 \">\r\n\t\t\t\t\t\t  \t\t\t\t\t\t\t\t\t\t\t\t \r\n\t\t\t\t\t\t <div class=\"wpsm_panel-body\">\r\n\t\t\t\t\t\t\t<a href=\"http:\/\/www.notaria230.com.mx\/SIN230\/?page_id=639\">PREVIOS<\/a>\t\t\t\t\t\t  <\/div>\r\n\t\t\t\t\t\t   \r\n\t\t\t\t\t\t<\/div>\r\n\t\t\t\t\t<\/div>\r\n\t\t\t\t\t\t\t\t\t\t<div class=\" wpsm_col-md-12 wpsm_col-sm-6 colorbox_singel_box\">\r\n\t\t\t\t\t\t<div class=\"wpsm_panel wpsm_panel-default wpsm_panel_default_510 \">\r\n\t\t\t\t\t\t  \t\t\t\t\t\t\t\t\t\t\t\t \r\n\t\t\t\t\t\t <div class=\"wpsm_panel-body\">\r\n\t\t\t\t\t\t\tSISTEMA DE CONSULTA DE LEGISLACI\u00d3N Y SU INTERPRETACI\u00d3N POR EL PODER JUDICIAL DE LA FEDERACI\u00d3N (SISCLI)<br>\r\n(Liga para Consultar SISCLI)<br>\r\n<a href=\"https:\/\/siscli.scjn.gob.mx\">SISCLI<\/a><br>\t\t\t\t\t\t  <\/div>\r\n\t\t\t\t\t\t   \r\n\t\t\t\t\t\t<\/div>\r\n\t\t\t\t\t<\/div>\r\n\t\t\t\t\t\t\t\t\t\t<div class=\" wpsm_col-md-12 wpsm_col-sm-6 colorbox_singel_box\">\r\n\t\t\t\t\t\t<div class=\"wpsm_panel wpsm_panel-default wpsm_panel_default_510 \">\r\n\t\t\t\t\t\t  \t\t\t\t\t\t\t\t\t\t\t\t \r\n\t\t\t\t\t\t <div class=\"wpsm_panel-body\">\r\n\t\t\t\t\t\t\tLEGISLACI\u00d3N<br>\r\n(Ligas para Consulta de Leyes y Reglamentos)<br>\r\n<a href=\"https:\/\/www.dof.gob.mx\">DOF<\/a> \/ <a href=\"https:\/\/www.juridicas.unam.mx\/legislacion\">UNAM<\/a> \/ <a href=\"http:\/\/www.ordenjuridico.gob.mx\/#gsc.tab=0\">SEGOB<\/a> \/  <a href=\"https:\/\/www.scjn.gob.mx\/normativa-nacional-internacional\">SCJN<\/a> \/ <a href=\"http:\/\/www.diputados.gob.mx\/\">CAMARA DE DIPUTADOS<\/a> \/ <a href=\"http:\/\/www.aldf.gob.mx\/\">ALDF<\/a> <br>\t\t\t\t\t\t  <\/div>\r\n\t\t\t\t\t\t   \r\n\t\t\t\t\t\t<\/div>\r\n\t\t\t\t\t<\/div>\r\n\t\t\t\t\t\t\t\t\t\t<div class=\" wpsm_col-md-12 wpsm_col-sm-6 colorbox_singel_box\">\r\n\t\t\t\t\t\t<div class=\"wpsm_panel wpsm_panel-default wpsm_panel_default_510 \">\r\n\t\t\t\t\t\t  \t\t\t\t\t\t\t\t\t\t\t\t \r\n\t\t\t\t\t\t <div class=\"wpsm_panel-body\">\r\n\t\t\t\t\t\t\tCOLEGIO DE NOTARIOS<br>\r\n(Ligas para Consulta de Notarios)<br>\r\n<a href=\"https:\/\/colegiodenotarios.org.mx\/\">CNCDMX<\/a> \/ <a href=\"https:\/\/www.notariadomexicano.org.mx\/\">CNNM<\/a> <br>\t\t\t\t\t\t  <\/div>\r\n\t\t\t\t\t\t   \r\n\t\t\t\t\t\t<\/div>\r\n\t\t\t\t\t<\/div>\r\n\t\t\t\t\t\t\t\t\t\t<div class=\" wpsm_col-md-12 wpsm_col-sm-6 colorbox_singel_box\">\r\n\t\t\t\t\t\t<div class=\"wpsm_panel wpsm_panel-default wpsm_panel_default_510 \">\r\n\t\t\t\t\t\t  \t\t\t\t\t\t\t\t\t\t\t\t \r\n\t\t\t\t\t\t <div class=\"wpsm_panel-body\">\r\n\t\t\t\t\t\t\tCIRCULARES, REGLAS, OTRAS <br>\r\n(Ligas para Consulta)<br>\r\n<a href=\"https:\/\/www.sat.gob.mx\/home\">SAT<\/a> \/ <a href=\"https:\/\/www.banxico.org.mx\/\">BANCO DE M\u00c9XICO<\/a> \/ <a href=\"https:\/\/www.cnbv.gob.mx\/Paginas\/NORMATIVIDAD.aspx\">CNBV<\/a> \/ <a href=\"https:\/\/www.gob.mx\/shcp\/documentos\/uif-marco-juridico\">UIF<\/a> \/ <a href=\"https:\/\/www.sat.gob.mx\/personas\/normatividad\">MISCELANEA FISCAL<\/a><br>\t\t\t\t\t\t  <\/div>\r\n\t\t\t\t\t\t   \r\n\t\t\t\t\t\t<\/div>\r\n\t\t\t\t\t<\/div>\r\n\t\t\t\t\t\t\t\t\t\t<div class=\" wpsm_col-md-12 wpsm_col-sm-6 colorbox_singel_box\">\r\n\t\t\t\t\t\t<div class=\"wpsm_panel wpsm_panel-default wpsm_panel_default_510 \">\r\n\t\t\t\t\t\t  \t\t\t\t\t\t\t\t\t\t\t\t \r\n\t\t\t\t\t\t <div class=\"wpsm_panel-body\">\r\n\t\t\t\t\t\t\tMOODLE <br>\r\n(Liga para Accesar a Moodle)<br>\r\n<a href=\"https:\/\/notaria230-cursos.com.mx\/cursos_N230\/login\/index.php\">Moodle<\/a><br>\t\t\t\t\t\t  <\/div>\r\n\t\t\t\t\t\t   \r\n\t\t\t\t\t\t<\/div>\r\n\t\t\t\t\t<\/div>\r\n\t\t\t\t\t\t\t\t\t\t\r\n\t\t\t\t\t<\/div>\r\n\t\t\t\t<\/div>\r\n\t\t\t\t\t\t\t\t<script>\r\n\t\t\t\t\tjQuery(window).load(function(){\r\n\t\t\t\t\t\tjQuery('#colorbox_main_container_510').masonry({\r\n\t\t\t\t\t\t\t   itemSelector: '.colorbox_singel_box',\r\n\t\t\t\t\t\t});\r\n\t\t\t\t\t});\r\n\t\t\t\t<\/script>\r\n\t\t\t\t\t\t\t\t\t\t\t\t<script>\r\n\t\t\t\t\tvar col = new jColumn();\r\n\t\t\t\t\tcol.jcolumn('wpsm_panel_default_510');\r\n\t\t\t\t<\/script>\r\n\t\t\t\t\t\t\t\n","protected":false},"excerpt":{"rendered":"","protected":false},"author":1,"featured_media":0,"parent":0,"menu_order":0,"comment_status":"closed","ping_status":"closed","template":"","meta":{"footnotes":""},"class_list":["post-60","page","type-page","status-publish","hentry"],"jetpack_sharing_enabled":true,"_links":{"self":[{"href":"https:\/\/www.notaria230.com.mx\/SIN230\/index.php?rest_route=\/wp\/v2\/pages\/60","targetHints":{"allow":["GET"]}}],"collection":[{"href":"https:\/\/www.notaria230.com.mx\/SIN230\/index.php?rest_route=\/wp\/v2\/pages"}],"about":[{"href":"https:\/\/www.notaria230.com.mx\/SIN230\/index.php?rest_route=\/wp\/v2\/types\/page"}],"author":[{"embeddable":true,"href":"https:\/\/www.notaria230.com.mx\/SIN230\/index.php?rest_route=\/wp\/v2\/users\/1"}],"replies":[{"embeddable":true,"href":"https:\/\/www.notaria230.com.mx\/SIN230\/index.php?rest_route=%2Fwp%2Fv2%2Fcomments&post=60"}],"version-history":[{"count":1,"href":"https:\/\/www.notaria230.com.mx\/SIN230\/index.php?rest_route=\/wp\/v2\/pages\/60\/revisions"}],"predecessor-version":[{"id":1761,"href":"https:\/\/www.notaria230.com.mx\/SIN230\/index.php?rest_route=\/wp\/v2\/pages\/60\/revisions\/1761"}],"wp:attachment":[{"href":"https:\/\/www.notaria230.com.mx\/SIN230\/index.php?rest_route=%2Fwp%2Fv2%2Fmedia&parent=60"}],"curies":[{"name":"wp","href":"https:\/\/api.w.org\/{rel}","templated":true}]}}